{"id":500,"date":"2024-10-01T09:45:19","date_gmt":"2024-10-01T09:45:19","guid":{"rendered":"https:\/\/helthewater.com\/?page_id=500"},"modified":"2024-10-01T09:45:30","modified_gmt":"2024-10-01T09:45:30","slug":"politica-de-cookies","status":"publish","type":"page","link":"https:\/\/helthewater.com\/?page_id=500","title":{"rendered":"Pol\u00edtica de Cookies"},"content":{"rendered":"\t\t<div data-elementor-type=\"wp-page\" data-elementor-id=\"500\" class=\"elementor elementor-500\" data-elementor-post-type=\"page\">\n\t\t\t\t<div class=\"elementor-element elementor-element-49438ec9 e-flex e-con-boxed e-con e-parent\" data-id=\"49438ec9\" data-element_type=\"container\" data-settings=\"{&quot;background_background&quot;:&quot;classic&quot;}\">\n\t\t\t\t\t<div class=\"e-con-inner\">\n\t\t<div class=\"elementor-element elementor-element-73ce1157 e-con-full e-flex e-con e-child\" data-id=\"73ce1157\" data-element_type=\"container\" data-settings=\"{&quot;motion_fx_motion_fx_scrolling&quot;:&quot;yes&quot;,&quot;motion_fx_opacity_effect&quot;:&quot;yes&quot;,&quot;motion_fx_opacity_direction&quot;:&quot;in-out&quot;,&quot;motion_fx_opacity_range&quot;:{&quot;unit&quot;:&quot;%&quot;,&quot;size&quot;:&quot;&quot;,&quot;sizes&quot;:{&quot;start&quot;:&quot;85&quot;,&quot;end&quot;:&quot;100&quot;}},&quot;motion_fx_opacity_level&quot;:{&quot;unit&quot;:&quot;px&quot;,&quot;size&quot;:10,&quot;sizes&quot;:[]},&quot;motion_fx_devices&quot;:[&quot;desktop&quot;,&quot;tablet&quot;,&quot;mobile&quot;]}\">\n\t\t\t\t<div class=\"elementor-element elementor-element-2dd7b641 elementor-invisible elementor-widget elementor-widget-heading\" data-id=\"2dd7b641\" data-element_type=\"widget\" data-settings=\"{&quot;_animation&quot;:&quot;fadeInUp&quot;,&quot;_animation_delay&quot;:&quot;400&quot;}\" data-widget_type=\"heading.default\">\n\t\t\t\t<div class=\"elementor-widget-container\">\n\t\t\t<h5 class=\"elementor-heading-title elementor-size-default\">Tratamientos de agua de \u00faltima generaci\u00f3n<\/h5>\t\t<\/div>\n\t\t\t\t<\/div>\n\t\t\t\t<\/div>\n\t\t\t\t\t<\/div>\n\t\t\t\t<\/div>\n\t\t<div class=\"elementor-element elementor-element-3188d6e7 e-flex e-con-boxed e-con e-parent\" data-id=\"3188d6e7\" data-element_type=\"container\" data-settings=\"{&quot;background_background&quot;:&quot;classic&quot;}\">\n\t\t\t\t\t<div class=\"e-con-inner\">\n\t\t<div class=\"elementor-element elementor-element-17b0893b e-con-full e-flex e-con e-child\" data-id=\"17b0893b\" data-element_type=\"container\">\n\t\t<div class=\"elementor-element elementor-element-28253ef8 e-con-full e-flex e-con e-child\" data-id=\"28253ef8\" data-element_type=\"container\">\n\t\t<div class=\"elementor-element elementor-element-1693b027 e-con-full e-flex elementor-invisible e-con e-child\" data-id=\"1693b027\" data-element_type=\"container\" data-settings=\"{&quot;animation&quot;:&quot;fadeIn&quot;,&quot;animation_delay&quot;:&quot;400&quot;}\">\n\t\t\t\t<div class=\"elementor-element elementor-element-1d6f0284 elementor-widget elementor-widget-text-editor\" data-id=\"1d6f0284\" data-element_type=\"widget\" data-widget_type=\"text-editor.default\">\n\t\t\t\t<div class=\"elementor-widget-container\">\n\t\t\t\t\t\t\t<p>En esta web se utilizan cookies de terceros y propias para conseguir que tengas una mejor experiencia de navegaci\u00f3n, puedas compartir contenido en redes sociales y porque podamos obtener estad\u00edsticas de los usuarios.<\/p><p>Puedes evitar la descarga de cookies a trav\u00e9s de la configuraci\u00f3n de tu navegador, evitando que las cookies se almacenen en el dispositivo.<\/p><p>Como propietario de este sitio web, te comunico que no utilizamos ninguna informaci\u00f3n personal procedente de cookies, solo realizamos estad\u00edsticas generales de visitas que no suponen ninguna informaci\u00f3n personal.<\/p><p>Es muy importante que leas esta pol\u00edtica de cookies y comprendas que, si contin\u00faas navegando, consideraremos que aceptas su uso.<\/p><p>Seg\u00fan los t\u00e9rminos incluidos en el art\u00edculo 22.2 de la Ley 34\/2002 de Servicios de la Sociedad de la Informaci\u00f3n y Comercio Electr\u00f3nico, si contin\u00faas navegando, estar\u00e1s prestando tu consentimiento para el uso de los mecanismos mencionados.<\/p><p><strong>Entidad Responsable<\/strong><br \/>La entidad responsable de la recogida, procesamiento y utilizaci\u00f3n de tus datos personales, en el sentido establecido por la Ley de Protecci\u00f3n de Datos Personales, es la p\u00e1gina Helthe Online, propiedad de C\u00e9sar David Alcal\u00e1 Mata \u2013 Av. Montseny, 16, 08635 Sant Esteve Sesrovires, Barcelona.<\/p><p><strong>\u00bfQu\u00e9 son las cookies?<\/strong><br \/>Las cookies son un conjunto de datos que un servidor deposita en el navegador del usuario para recoger la informaci\u00f3n de registro est\u00e1ndar de Internet y la informaci\u00f3n del comportamiento de los visitantes en un sitio web. Es decir, se trata de peque\u00f1os archivos de texto que quedan almacenados en el disco duro del ordenador y que sirven para identificar al usuario cuando se conecta nuevamente al sitio web. El objetivo es registrar la visita del usuario y almacenar cierta informaci\u00f3n. Su uso es com\u00fan y frecuente en la web, ya que permite a las p\u00e1ginas funcionar de manera m\u00e1s eficiente y conseguir m\u00e1s personalizaci\u00f3n y an\u00e1lisis sobre el comportamiento del usuario.<\/p><p><strong>\u00bfQu\u00e9 tipos de cookies hay?<\/strong><br \/>Las cookies utilizadas en nuestro sitio web son de sesi\u00f3n y de terceros, y nos permiten almacenar y acceder a informaci\u00f3n relativa al idioma, el tipo de navegador utilizado y otras caracter\u00edsticas generales predefinidas por el usuario, as\u00ed como seguir y analizar la actividad que realiza, a fin de introducir mejoras y prestar nuestros servicios de una manera m\u00e1s eficiente y personalizada.<\/p><p>Las cookies, en funci\u00f3n de su permanencia, pueden dividirse en cookies de sesi\u00f3n o permanentes. Las que expiran cuando el usuario cierra el navegador, y las que expiran en funci\u00f3n de cuando se cumpla el objetivo para el que sirven (por ejemplo, para que el usuario se mantenga identificado en los servicios de C\u00e9sar David Alcal\u00e1 Mata) o bien cuando se eliminan manualmente.<\/p><table><thead><tr><th>Nombre<\/th><th>Tipo<\/th><th>Caducidad<\/th><th>Finalidad<\/th><th>Clase<\/th><\/tr><\/thead><tbody><tr><td>__utma<\/td><td>De Terceros (Google Analytics)<\/td><td>2 a\u00f1os<\/td><td>Se utiliza para distinguir usuarios y sesiones.<\/td><td>No Exenta<\/td><\/tr><tr><td>__utmb<\/td><td>De Terceros (Google Analytics)<\/td><td>30 minutos<\/td><td>Se utiliza para determinar nuevas sesiones o visitas.<\/td><td>No Exenta<\/td><\/tr><tr><td>__utmc<\/td><td>De Terceros (Google Analytics)<\/td><td>Al finalizar la sesi\u00f3n<\/td><td>Se configura para su uso con Urchin.<\/td><td>No Exenta<\/td><\/tr><tr><td>__utmz<\/td><td>De Terceros (Google Analytics)<\/td><td>6 meses<\/td><td>Almacena el origen o campa\u00f1a que explica c\u00f3mo el usuario ha llegado a la p\u00e1gina web.<\/td><td>No Exenta<\/td><\/tr><\/tbody><\/table><p>Adicionalmente, en funci\u00f3n de su objetivo, las cookies pueden clasificarse de la siguiente manera:<\/p><p><strong>Cookies de rendimiento<\/strong><br \/>Este tipo de cookies recuerda tus preferencias para las herramientas que se encuentran en los servicios, por lo que no tienes que volver a configurar el servicio cada vez que lo visitas. A modo de ejemplo, en esta tipolog\u00eda se incluyen: Configuraci\u00f3n de volumen de reproductores de v\u00eddeo o sonido. Las velocidades de transmisi\u00f3n de v\u00eddeo que sean compatibles con tu navegador. Los objetos guardados en el \u201ccarrito de la compra\u201d en los servicios de comercio electr\u00f3nico como tiendas.<\/p><p><strong>Cookies de geo-localizaci\u00f3n<\/strong><br \/>Estas cookies son utilizadas para averiguar en qu\u00e9 pa\u00eds te encuentras cuando se solicita un servicio. Esta cookie es totalmente an\u00f3nima, y solo se utiliza para ayudar a orientar el contenido a tu ubicaci\u00f3n.<\/p><p><strong>Cookies de registro<\/strong><br \/>Las cookies de registro se generan una vez que el usuario se ha registrado o posteriormente ha iniciado sesi\u00f3n, y se utilizan para identificarlo en los servicios con los siguientes objetivos:<\/p><ul><li>Mantener al usuario identificado de manera que, si cierras un servicio, el navegador o el ordenador y en otro momento o en otro d\u00eda vuelves a entrar en este servicio, seguir\u00e1s identificado, facilitando as\u00ed tu navegaci\u00f3n sin tener que volver a identificarte. Esta funcionalidad se puede suprimir si el usuario presiona la funcionalidad [cerrar sesi\u00f3n], de manera que esta cookie se elimina y la pr\u00f3xima vez que entre en el servicio, el usuario tendr\u00e1 que iniciar sesi\u00f3n para estar identificado.<\/li><li>Comprobar si el usuario est\u00e1 autorizado para acceder a ciertos servicios, por ejemplo, para participar en un concurso.<\/li><\/ul><p>Adicionalmente, algunos servicios pueden utilizar conectores con redes sociales como Facebook o Twitter. Cuando el usuario se registra en un servicio con credenciales de una red social, autoriza a la red social a almacenar una cookie persistente que recuerda su identidad y le garantiza acceso a los servicios hasta que expira. El usuario puede eliminar esta cookie y revocar el acceso a los servicios mediante redes sociales actualizando sus preferencias en la red social que especifica.<\/p><p><strong>Cookies anal\u00edticas<\/strong><br \/>Cada vez que un usuario visita un servicio, una herramienta de un proveedor externo genera una cookie anal\u00edtica en el ordenador del usuario. Esta cookie que solo se genera en la visita, servir\u00e1 en pr\u00f3ximas visitas a los servicios de C\u00e9sar David Alcal\u00e1 Mata para identificar de forma an\u00f3nima al visitante. Los objetivos principales que se persiguen son:<\/p><ul><li>Permitir la identificaci\u00f3n an\u00f3nima de los usuarios navegantes a trav\u00e9s de la cookie (identifica navegadores y dispositivos, no personas) y, por lo tanto, la contabilizaci\u00f3n aproximada del n\u00famero de visitantes y su tendencia en el tiempo.<\/li><li>Identificar de forma an\u00f3nima los contenidos m\u00e1s visitados y, por tanto, m\u00e1s atractivos para los usuarios. Saber si el usuario que est\u00e1 accediendo es nuevo o repite visita.<\/li><\/ul><p>Importante: A menos que el usuario decida registrarse en un servicio de C\u00e9sar David Alcal\u00e1 Mata, la cookie nunca ir\u00e1 asociada a ning\u00fan dato de car\u00e1cter personal que lo pueda identificar. Estas cookies solo ser\u00e1n utilizadas con prop\u00f3sitos estad\u00edsticos que ayuden a la optimizaci\u00f3n de la experiencia de los usuarios en el sitio.<\/p><p><strong>Cookies de publicidad<\/strong><br \/>Este tipo de cookies permiten ampliar la informaci\u00f3n de los anuncios mostrados a cada usuario an\u00f3nimo en los servicios de C\u00e9sar David Alcal\u00e1 Mata. Entre otros, se almacena la duraci\u00f3n o la frecuencia de visualizaci\u00f3n de posiciones publicitarias, la interacci\u00f3n con estas, o los patrones de navegaci\u00f3n y\/o comportamientos del usuario, ya que ayudan a conformar un perfil de inter\u00e9s publicitario. De esta manera, permiten ofrecer publicidad acorde a los intereses del usuario.<\/p><p><strong>Cookies publicitarias de terceros<\/strong><br \/>Adem\u00e1s de la publicidad gestionada por las webs de C\u00e9sar David Alcal\u00e1 Mata en sus servicios, las webs de C\u00e9sar David Alcal\u00e1 Mata ofrecen a sus anunciantes la opci\u00f3n de servir anuncios a trav\u00e9s de terceros (\u201cAd-Servers\u201d). De esta manera, estos terceros pueden almacenar cookies enviadas desde los servicios de C\u00e9sar David Alcal\u00e1 Mata procedentes de los navegadores de los usuarios, as\u00ed como acceder a los datos que se guardan en ellas.<\/p><p>Las empresas que generan estas cookies tienen sus propias pol\u00edticas de privacidad. Actualmente, las webs de C\u00e9sar David Alcal\u00e1 Mata utilizan la plataforma Doubleclick (Google) para gestionar estos servicios. Para m\u00e1s informaci\u00f3n, ve a <a href=\"http:\/\/www.google.es\/policies\/privacy\/ads\/#toc-doubleclick\" target=\"_new\" rel=\"noopener\">Google Ads<\/a> y <a href=\"http:\/\/www.google.es\/policies\/privacy\/ads\/\" target=\"_new\" rel=\"noopener\">pol\u00edtica de privacidad<\/a>.<\/p><p><strong>\u00bfC\u00f3mo puedo desactivar las cookies en mi navegador?<\/strong><br \/>Se pueden configurar los diferentes navegadores para avisar al usuario de la recepci\u00f3n de cookies y, si se desea, impedir su instalaci\u00f3n en el equipo. Asimismo, el usuario puede revisar en su navegador qu\u00e9 cookies tiene instaladas y cu\u00e1l es el plazo de caducidad de las mismas, pudiendo eliminarlas.<\/p><p>Para ampliar esta informaci\u00f3n consulta las instrucciones y manuales de tu navegador:<\/p><ul><li>Para m\u00e1s informaci\u00f3n sobre la administraci\u00f3n de las cookies en Google Chrome: <a target=\"_new\" rel=\"noopener\">Google Chrome<\/a><\/li><li>Para m\u00e1s informaci\u00f3n sobre la administraci\u00f3n de las cookies en Internet Explorer: <a href=\"http:\/\/windows.microsoft.com\/es-es\/windows-vista\/cookies-frequently-asked-questions\" target=\"_new\" rel=\"noopener\">Internet Explorer<\/a><\/li><li>Para m\u00e1s informaci\u00f3n sobre la administraci\u00f3n de las cookies en Mozilla Firefox: <a href=\"http:\/\/support.mozilla.org\/es\/kb\/habilitar-y-deshabilitar-cookies-que-los-sitios-we\" target=\"_new\" rel=\"noopener\">Mozilla Firefox<\/a><\/li><li>Para m\u00e1s informaci\u00f3n sobre la administraci\u00f3n de las cookies en Safari: <a href=\"http:\/\/www.apple.com\/es\/privacy\/use-of-cookies\/\" target=\"_new\" rel=\"noopener\">Safari<\/a><\/li><li>Para m\u00e1s informaci\u00f3n sobre la administraci\u00f3n de las cookies en Opera: <a target=\"_new\" rel=\"noopener\">Opera<\/a><\/li><\/ul><p>Si deseas dejar de ser seguido por Google Analytics visita: <a href=\"http:\/\/tools.google.com\/dlpage\/gaoptout\" target=\"_new\" rel=\"noopener\">Google Analytics Opt-Out<\/a>.<\/p><p><strong>Para saber m\u00e1s sobre las cookies<\/strong><br \/>Puedes obtener m\u00e1s informaci\u00f3n sobre la publicidad en l\u00ednea basada en el comportamiento y la privacidad en l\u00ednea en el siguiente enlace: <a href=\"http:\/\/www.youronlinechoices.com\/es\/\" target=\"_new\" rel=\"noopener\">Your Online Choices<\/a>.<\/p><p>Protecci\u00f3n de datos de Google Analytics: <a href=\"http:\/\/www.google.com\/analytics\/learn\/privacy.html\" target=\"_new\" rel=\"noopener\">Google Analytics Privacy<\/a>.<\/p><p>C\u00f3mo utiliza Google Analytics las cookies: <a target=\"_new\" rel=\"noopener\">Uso de cookies en Google Analytics<\/a>.<\/p><p><strong>Actualizaciones y cambios en la pol\u00edtica de privacidad\/cookies<\/strong><br \/>Las webs de C\u00e9sar David Alcal\u00e1 Mata pueden modificar esta Pol\u00edtica de Cookies en funci\u00f3n de exigencias legislativas, reglamentarias, o con la finalidad de adaptar esta pol\u00edtica a las instrucciones dictadas por la Agencia Espa\u00f1ola de Protecci\u00f3n de Datos, por ello se aconseja a los usuarios que la visiten peri\u00f3dicamente.<\/p><p>Cuando se produzcan cambios significativos en esta Pol\u00edtica de Cookies, estos se comunicar\u00e1n a los usuarios bien mediante la web o mediante correo electr\u00f3nico a los usuarios registrados.<\/p>\t\t\t\t\t\t<\/div>\n\t\t\t\t<\/div>\n\t\t\t\t<\/div>\n\t\t\t\t<\/div>\n\t\t\t\t<\/div>\n\t\t\t\t\t<\/div>\n\t\t\t\t<\/div>\n\t\t\t\t<\/div>\n\t\t","protected":false},"excerpt":{"rendered":"<p>En esta web se utilizan cookies de terceros y propias para conseguir que tengas una mejor experiencia de navegaci\u00f3n, puedas compartir contenido en redes sociales y porque podamos obtener estad\u00edsticas de los usuarios. Puedes evitar la descarga de cookies a trav\u00e9s de la configuraci\u00f3n de tu navegador, evitando que las cookies se almacenen en el [&hellip;]<\/p>\n","protected":false},"author":2,"featured_media":0,"parent":0,"menu_order":0,"comment_status":"closed","ping_status":"closed","template":"","meta":{"footnotes":""},"class_list":["post-500","page","type-page","status-publish","hentry"],"_links":{"self":[{"href":"https:\/\/helthewater.com\/index.php?rest_route=\/wp\/v2\/pages\/500","targetHints":{"allow":["GET"]}}],"collection":[{"href":"https:\/\/helthewater.com\/index.php?rest_route=\/wp\/v2\/pages"}],"about":[{"href":"https:\/\/helthewater.com\/index.php?rest_route=\/wp\/v2\/types\/page"}],"author":[{"embeddable":true,"href":"https:\/\/helthewater.com\/index.php?rest_route=\/wp\/v2\/users\/2"}],"replies":[{"embeddable":true,"href":"https:\/\/helthewater.com\/index.php?rest_route=%2Fwp%2Fv2%2Fcomments&post=500"}],"version-history":[{"count":4,"href":"https:\/\/helthewater.com\/index.php?rest_route=\/wp\/v2\/pages\/500\/revisions"}],"predecessor-version":[{"id":504,"href":"https:\/\/helthewater.com\/index.php?rest_route=\/wp\/v2\/pages\/500\/revisions\/504"}],"wp:attachment":[{"href":"https:\/\/helthewater.com\/index.php?rest_route=%2Fwp%2Fv2%2Fmedia&parent=500"}],"curies":[{"name":"wp","href":"https:\/\/api.w.org\/{rel}","templated":true}]}}