{"id":495,"date":"2024-10-01T09:39:57","date_gmt":"2024-10-01T09:39:57","guid":{"rendered":"https:\/\/helthewater.com\/?page_id=495"},"modified":"2024-10-01T09:40:52","modified_gmt":"2024-10-01T09:40:52","slug":"politica-de-privacidad","status":"publish","type":"page","link":"https:\/\/helthewater.com\/?page_id=495","title":{"rendered":"Pol\u00edtica de Privacidad"},"content":{"rendered":"\t\t<div data-elementor-type=\"wp-page\" data-elementor-id=\"495\" class=\"elementor elementor-495\" data-elementor-post-type=\"page\">\n\t\t\t\t<div class=\"elementor-element elementor-element-57937090 e-flex e-con-boxed e-con e-parent\" data-id=\"57937090\" data-element_type=\"container\" data-settings=\"{&quot;background_background&quot;:&quot;classic&quot;}\">\n\t\t\t\t\t<div class=\"e-con-inner\">\n\t\t<div class=\"elementor-element elementor-element-4d4b3d79 e-con-full e-flex e-con e-child\" data-id=\"4d4b3d79\" data-element_type=\"container\" data-settings=\"{&quot;motion_fx_motion_fx_scrolling&quot;:&quot;yes&quot;,&quot;motion_fx_opacity_effect&quot;:&quot;yes&quot;,&quot;motion_fx_opacity_direction&quot;:&quot;in-out&quot;,&quot;motion_fx_opacity_range&quot;:{&quot;unit&quot;:&quot;%&quot;,&quot;size&quot;:&quot;&quot;,&quot;sizes&quot;:{&quot;start&quot;:&quot;85&quot;,&quot;end&quot;:&quot;100&quot;}},&quot;motion_fx_opacity_level&quot;:{&quot;unit&quot;:&quot;px&quot;,&quot;size&quot;:10,&quot;sizes&quot;:[]},&quot;motion_fx_devices&quot;:[&quot;desktop&quot;,&quot;tablet&quot;,&quot;mobile&quot;]}\">\n\t\t\t\t<div class=\"elementor-element elementor-element-25609175 elementor-invisible elementor-widget elementor-widget-heading\" data-id=\"25609175\" data-element_type=\"widget\" data-settings=\"{&quot;_animation&quot;:&quot;fadeInUp&quot;,&quot;_animation_delay&quot;:&quot;400&quot;}\" data-widget_type=\"heading.default\">\n\t\t\t\t<div class=\"elementor-widget-container\">\n\t\t\t<h5 class=\"elementor-heading-title elementor-size-default\">Tratamientos de agua de \u00faltima generaci\u00f3n<\/h5>\t\t<\/div>\n\t\t\t\t<\/div>\n\t\t\t\t<\/div>\n\t\t\t\t\t<\/div>\n\t\t\t\t<\/div>\n\t\t<div class=\"elementor-element elementor-element-b35a9e7 e-flex e-con-boxed e-con e-parent\" data-id=\"b35a9e7\" data-element_type=\"container\" data-settings=\"{&quot;background_background&quot;:&quot;classic&quot;}\">\n\t\t\t\t\t<div class=\"e-con-inner\">\n\t\t<div class=\"elementor-element elementor-element-6aaa831e e-con-full e-flex e-con e-child\" data-id=\"6aaa831e\" data-element_type=\"container\">\n\t\t<div class=\"elementor-element elementor-element-768e143e e-con-full e-flex e-con e-child\" data-id=\"768e143e\" data-element_type=\"container\">\n\t\t<div class=\"elementor-element elementor-element-289a9806 e-con-full e-flex elementor-invisible e-con e-child\" data-id=\"289a9806\" data-element_type=\"container\" data-settings=\"{&quot;animation&quot;:&quot;fadeIn&quot;,&quot;animation_delay&quot;:&quot;400&quot;}\">\n\t\t\t\t<div class=\"elementor-element elementor-element-260cbdf4 elementor-widget elementor-widget-text-editor\" data-id=\"260cbdf4\" data-element_type=\"widget\" data-widget_type=\"text-editor.default\">\n\t\t\t\t<div class=\"elementor-widget-container\">\n\t\t\t\t\t\t\t<p><strong>I. POL\u00cdTICA DE PRIVACIDAD Y PROTECCI\u00d3N DE DATOS<\/strong><br \/>Respetando lo establecido por la legislaci\u00f3n vigente, Helthe Online (en adelante, tambi\u00e9n el Sitio Web) se compromete a adoptar las medidas t\u00e9cnicas y organizativas necesarias, seg\u00fan el nivel de seguridad adecuado al riesgo de los datos recopilados.<\/p><p><strong>Leyes que incorpora esta pol\u00edtica de privacidad<\/strong><br \/>Esta pol\u00edtica de privacidad est\u00e1 adaptada a la normativa espa\u00f1ola y europea vigente en materia de protecci\u00f3n de datos personales en Internet. En concreto, esta respeta las siguientes normas:<\/p><ul><li>El Reglamento (UE) 2016\/679 del Parlamento Europeo y del Consejo, de 27 de abril de 2016, relativo a la protecci\u00f3n de las personas f\u00edsicas respecto al tratamiento de datos personales y a la libre circulaci\u00f3n de estos datos (RGPD).<\/li><li>La Ley Org\u00e1nica 3\/2018, de 5 de diciembre, de Protecci\u00f3n de Datos Personales y garant\u00eda de los derechos digitales (LOPD-GDD).<\/li><li>El Real decreto 1720\/2007, de 21 de diciembre, por el que se aprueba el Reglamento de desarrollo de la Ley Org\u00e1nica 15\/1999, de 13 de diciembre, de Protecci\u00f3n de Datos de Car\u00e1cter Personal (RDLOPD).<\/li><li>La Ley 34\/2002, de 11 de julio, de Servicios de la Sociedad de la Informaci\u00f3n y de Comercio Electr\u00f3nico (LSSI-CE).<\/li><\/ul><p><strong>Identidad del responsable del tratamiento de los datos personales<\/strong><br \/>Direcci\u00f3n: Av. Montseny, 16<br \/>Tel\u00e9fono de contacto: 931 514 500<br \/>Email de contacto: <a rel=\"noopener\">info@heltheonline.com<\/a><\/p><p><strong>Registro de Datos de Car\u00e1cter Personal<\/strong><br \/>En cumplimiento de lo establecido por el RGPD y la LOPD-GDD, le informamos que los datos personales solicitados por Helthe Online, mediante los formularios disponibles en sus p\u00e1ginas, quedar\u00e1n incorporados y ser\u00e1n tratados en nuestro fichero con el fin de facilitar, agilizar y cumplir los compromisos establecidos entre Helthe Online y el Usuario, o el mantenimiento de la relaci\u00f3n que se establezca en los formularios que este complete, o para atender una solicitud o consulta. Asimismo, de conformidad con lo que prev\u00e9 el RGPD y la LOPD-GDD, salvo que sea aplicable la excepci\u00f3n prevista en el art\u00edculo 30.5 del RGPD, se mantiene un registro de actividades de tratamiento que especifica, seg\u00fan sus finalidades, las actividades de tratamiento realizadas y las dem\u00e1s circunstancias establecidas en el RGPD.<\/p><p><strong>Principios aplicables al tratamiento de los datos personales<\/strong><br \/>El tratamiento de los datos personales del Usuario se someter\u00e1 a los siguientes principios recogidos en el art\u00edculo 5 del RGPD y en el art\u00edculo 4 y siguientes de la Ley Org\u00e1nica 3\/2018, de 5 de diciembre, de Protecci\u00f3n de Datos Personales y garant\u00eda de los derechos digitales:<\/p><ul><li><strong>Principio de licitud, lealtad y transparencia<\/strong>: se requerir\u00e1 en todo momento el consentimiento del Usuario previa informaci\u00f3n completamente transparente de las finalidades para las cuales se recogen los datos personales.<\/li><li><strong>Principio de limitaci\u00f3n de la finalidad<\/strong>: los datos personales ser\u00e1n recogidos con fines determinados, expl\u00edcitos y leg\u00edtimos.<\/li><li><strong>Principio de minimizaci\u00f3n de datos<\/strong>: los datos personales recogidos ser\u00e1n \u00fanicamente los estrictamente necesarios en relaci\u00f3n con las finalidades para las cuales son tratados.<\/li><li><strong>Principio de exactitud<\/strong>: los datos personales deben ser exactos y estar siempre actualizados.<\/li><li><strong>Principio de limitaci\u00f3n del plazo de conservaci\u00f3n<\/strong>: los datos personales solo ser\u00e1n mantenidos de manera que se permita la identificaci\u00f3n del Usuario durante el tiempo necesario para los fines del tratamiento.<\/li><li><strong>Principio de integridad y confidencialidad<\/strong>: los datos personales ser\u00e1n tratados de manera que se garantice la seguridad y la confidencialidad.<\/li><li><strong>Principio de responsabilidad proactiva<\/strong>: el responsable del tratamiento ser\u00e1 responsable de asegurar que los principios anteriores se cumplen.<\/li><\/ul><p><strong>Categor\u00edas de datos personales<\/strong><br \/>Las categor\u00edas de datos que se tratan en Helthe Online son \u00fanicamente datos identificativos. En ning\u00fan caso, se tratan categor\u00edas especiales de datos personales en el sentido del art\u00edculo 9 del RGPD.<\/p><p><strong>Base legal para el tratamiento de los datos personales<\/strong><br \/>La base legal para el tratamiento de los datos personales es el consentimiento. Helthe Online se compromete a solicitar el consentimiento expreso y verificable del Usuario para el tratamiento de sus datos personales para uno o varios fines espec\u00edficos.<\/p><p>El Usuario tendr\u00e1 derecho a retirar el consentimiento en cualquier momento. Ser\u00e1 tan f\u00e1cil retirar el consentimiento como d\u00e1rselo. Como regla general, la retirada del consentimiento no condicionar\u00e1 el uso del Sitio Web.<\/p><p>En las ocasiones en que el Usuario haya o pueda facilitar sus datos a trav\u00e9s de formularios para realizar consultas, solicitar informaci\u00f3n o por motivos relacionados con el contenido del Sitio Web, se le informar\u00e1 en caso de que el llenado de alguno de ellos sea obligatorio por ser imprescindibles para el correcto desarrollo de la operaci\u00f3n realizada.<\/p><p><strong>Fines del tratamiento a los que se destinan los datos personales<\/strong><br \/>Los datos personales son recogidos y gestionados por Helthe Online con la finalidad de facilitar, agilizar y cumplir los compromisos establecidos entre el Sitio Web y el Usuario, o el mantenimiento de la relaci\u00f3n que se establezca en los formularios que este \u00faltimo complete o para atender una solicitud o consulta.<\/p><p>Igualmente, los datos podr\u00e1n ser utilizados con una finalidad comercial de personalizaci\u00f3n, operativa y estad\u00edstica, y actividades propias del objeto social de Helthe Online, as\u00ed como para la extracci\u00f3n, almacenamiento de datos y estudios de marketing para adecuar el contenido ofrecido al Usuario, as\u00ed como mejorar la calidad, funcionamiento y navegaci\u00f3n por el Sitio Web.<\/p><p>En el momento en que se obtengan los datos personales, se informar\u00e1 al Usuario sobre la finalidad o las finalidades espec\u00edficas del tratamiento a que se destinar\u00e1n los datos personales; es decir, del uso o los usos que se dar\u00e1 a la informaci\u00f3n recopilada.<\/p><p><strong>Per\u00edodos de retenci\u00f3n de los datos personales<\/strong><br \/>Los datos personales solo ser\u00e1n retenidos durante el tiempo m\u00ednimo necesario para los fines de su tratamiento y, en todo caso, \u00fanicamente durante el siguiente plazo: 24, o hasta que el Usuario solicite la supresi\u00f3n.<\/p><p>En el momento en que se obtengan los datos personales, se informar\u00e1 al usuario sobre el plazo durante el cual se conservar\u00e1n los datos personales o, cuando esto no sea posible, los criterios utilizados para determinar este plazo.<\/p><p><strong>Destinatarios de los datos personales<\/strong><br \/>Los datos personales del usuario no ser\u00e1n compartidos con terceros.<\/p><p>En cualquier caso, en el momento en que se obtengan los datos personales, se informar\u00e1 al usuario sobre los destinatarios o las categor\u00edas de destinatarios de los datos personales.<\/p><p><strong>Datos personales de menores de edad<\/strong><br \/>Respetando lo establecido en los art\u00edculos 8 del RGPD y 7 de la Ley Org\u00e1nica 3\/2018, de 5 de diciembre, de Protecci\u00f3n de Datos Personales y garant\u00eda de los derechos digitales, solo los mayores de 14 a\u00f1os podr\u00e1n otorgar su consentimiento para el tratamiento de sus datos personales de forma l\u00edcita para Helthe Online. Si se trata de un menor de 14 a\u00f1os, ser\u00e1 necesario el consentimiento de los padres o tutores para el tratamiento, y este solo se considerar\u00e1 l\u00edcito en la medida en que estos lo hayan autorizado.<\/p><p><strong>Secreto y seguridad de los datos personales<\/strong><br \/>Helthe Online se compromete a adoptar las medidas t\u00e9cnicas y organizativas necesarias, seg\u00fan el nivel de seguridad adecuado al riesgo de los datos recogidos, de manera que se garantice la seguridad de los datos de car\u00e1cter personal y se evite la destrucci\u00f3n, p\u00e9rdida o alteraci\u00f3n accidental o il\u00edcita de datos personales transmitidos, conservados o tratados de otra manera, o la comunicaci\u00f3n o acceso no autorizados a estos datos.<\/p><p>El Sitio Web cuenta con un certificado SSL (Secure Socket Layer), que asegura que los datos personales se transmiten de manera segura y confidencial, al ser la transmisi\u00f3n de los datos entre el servidor y el Usuario, y en retroalimentaci\u00f3n, totalmente cifrada o encriptada.<\/p><p>No obstante, dado que Helthe Online no puede garantizar la inexpugnabilidad de internet ni la ausencia total de hackers u otros que accedan de manera fraudulenta a los datos personales, el Responsable del tratamiento se compromete a comunicar al Usuario sin dilaci\u00f3n indebida cuando ocurra una violaci\u00f3n de la seguridad de los datos personales que sea probable que conlleve un alto riesgo para los derechos y libertades de las personas f\u00edsicas. Siguiendo lo que establece el art\u00edculo 4 del RGPD, se entiende por violaci\u00f3n de la seguridad de los datos personales toda violaci\u00f3n de la seguridad que ocasione la destrucci\u00f3n, p\u00e9rdida o alteraci\u00f3n accidental o il\u00edcita de datos personales transmitidos, conservados o tratados de otra manera, o la comunicaci\u00f3n o acceso no autorizados a estos datos.<\/p><p>Los datos personales ser\u00e1n tratados como confidenciales por el Responsable del tratamiento, quien se compromete a informar y a garantizar mediante una obligaci\u00f3n legal o contractual que esta confidencialidad sea respetada por sus empleados, asociados y toda persona a quien le haga accesible la informaci\u00f3n.<\/p><p><strong>Derechos derivados del tratamiento de los datos personales<\/strong><br \/>El Usuario tiene sobre Helthe Online y podr\u00e1, por tanto, ejercer ante el Responsable del tratamiento los siguientes derechos reconocidos en el RGPD y la Ley Org\u00e1nica 3\/2018, de 5 de diciembre, de Protecci\u00f3n de Datos Personales y garant\u00eda de los derechos digitales:<\/p><ul><li><strong>Derecho de acceso<\/strong>: Es el derecho del Usuario a obtener confirmaci\u00f3n de si Helthe Online est\u00e1 tratando o no sus datos personales y, en caso afirmativo, obtener informaci\u00f3n sobre sus datos concretos de car\u00e1cter personal y del tratamiento que Helthe Online haya realizado o realice, as\u00ed como, entre otros, de las informaciones disponibles sobre el origen de dichos datos.<\/li><li><strong>Derecho de rectificaci\u00f3n<\/strong>: Es el derecho del Usuario a que Helthe Online rectifique los datos personales que resulten inexactos o incompletos.<\/li><li><strong>Derecho de supresi\u00f3n<\/strong>: Es el derecho del Usuario a que Helthe Online supriman sus datos personales, salvo que exista un motivo leg\u00edtimo para la conservaci\u00f3n de los mismos por parte de Helthe Online.<\/li><li><strong>Derecho a la limitaci\u00f3n del tratamiento<\/strong>: Es el derecho del Usuario a que Helthe Online limite el tratamiento de sus datos personales.<\/li><li><strong>Derecho a la portabilidad<\/strong>: Es el derecho del Usuario a recibir los datos personales que haya facilitado a Helthe Online en un formato estructurado, de uso com\u00fan y lectura mec\u00e1nica, y a transmitirlos a otro responsable del tratamiento.<\/li><li><strong>Derecho de oposici\u00f3n<\/strong>: Es el derecho del Usuario a oponerse al tratamiento de sus datos personales. Helthe Online dejar\u00e1 de tratar los datos personales, salvo que alegue motivos leg\u00edtimos para el tratamiento que prevalezcan sobre los intereses, derechos y libertades del Usuario.<\/li><\/ul><p>El Usuario podr\u00e1 ejercitar los derechos en el sentido previsto mediante comunicaci\u00f3n escrita a la direcci\u00f3n del Responsable del tratamiento (indicada al inicio de esta pol\u00edtica de privacidad) o mediante el env\u00edo de un correo electr\u00f3nico a la direcci\u00f3n <a rel=\"noopener\">info@heltheonline.com<\/a>.<\/p><p>Para el ejercicio de los derechos, el Usuario deber\u00e1 identificarse debidamente y aportar la informaci\u00f3n que se le requiera, a fin de poder atender correctamente su solicitud. Los derechos son personales e intransferibles.<\/p><p><strong>Modificaci\u00f3n de la pol\u00edtica de privacidad<\/strong><br \/>Helthe Online se reserva el derecho a modificar la presente pol\u00edtica para adaptarla a novedades legislativas o jurisprudenciales. En este caso, Helthe Online anunciar\u00e1 en el Sitio Web los cambios introducidos con razonable antelaci\u00f3n a su puesta en pr\u00e1ctica.<\/p><p><strong>Aceptaci\u00f3n y consentimiento<\/strong><br \/>El Usuario declara haber sido informado de las condiciones sobre protecci\u00f3n de datos de car\u00e1cter personal, aceptando y consintiendo el tratamiento de los mismos por parte de Helthe Online, en la forma y para las finalidades indicadas en esta pol\u00edtica de privacidad.<\/p><p><strong>Contacto<\/strong><br \/>Si el Usuario tiene alguna pregunta o comentario sobre esta pol\u00edtica de privacidad, puede ponerse en contacto con Helthe Online a trav\u00e9s de la direcci\u00f3n de contacto proporcionada anteriormente.<\/p>\t\t\t\t\t\t<\/div>\n\t\t\t\t<\/div>\n\t\t\t\t<\/div>\n\t\t\t\t<\/div>\n\t\t\t\t<\/div>\n\t\t\t\t\t<\/div>\n\t\t\t\t<\/div>\n\t\t\t\t<\/div>\n\t\t","protected":false},"excerpt":{"rendered":"<p>I. POL\u00cdTICA DE PRIVACIDAD Y PROTECCI\u00d3N DE DATOSRespetando lo establecido por la legislaci\u00f3n vigente, Helthe Online (en adelante, tambi\u00e9n el Sitio Web) se compromete a adoptar las medidas t\u00e9cnicas y organizativas necesarias, seg\u00fan el nivel de seguridad adecuado al riesgo de los datos recopilados. Leyes que incorpora esta pol\u00edtica de privacidadEsta pol\u00edtica de privacidad est\u00e1 [&hellip;]<\/p>\n","protected":false},"author":2,"featured_media":0,"parent":0,"menu_order":0,"comment_status":"closed","ping_status":"closed","template":"","meta":{"footnotes":""},"class_list":["post-495","page","type-page","status-publish","hentry"],"_links":{"self":[{"href":"https:\/\/helthewater.com\/index.php?rest_route=\/wp\/v2\/pages\/495","targetHints":{"allow":["GET"]}}],"collection":[{"href":"https:\/\/helthewater.com\/index.php?rest_route=\/wp\/v2\/pages"}],"about":[{"href":"https:\/\/helthewater.com\/index.php?rest_route=\/wp\/v2\/types\/page"}],"author":[{"embeddable":true,"href":"https:\/\/helthewater.com\/index.php?rest_route=\/wp\/v2\/users\/2"}],"replies":[{"embeddable":true,"href":"https:\/\/helthewater.com\/index.php?rest_route=%2Fwp%2Fv2%2Fcomments&post=495"}],"version-history":[{"count":4,"href":"https:\/\/helthewater.com\/index.php?rest_route=\/wp\/v2\/pages\/495\/revisions"}],"predecessor-version":[{"id":499,"href":"https:\/\/helthewater.com\/index.php?rest_route=\/wp\/v2\/pages\/495\/revisions\/499"}],"wp:attachment":[{"href":"https:\/\/helthewater.com\/index.php?rest_route=%2Fwp%2Fv2%2Fmedia&parent=495"}],"curies":[{"name":"wp","href":"https:\/\/api.w.org\/{rel}","templated":true}]}}