{"id":480,"date":"2024-10-01T09:31:18","date_gmt":"2024-10-01T09:31:18","guid":{"rendered":"https:\/\/helthewater.com\/?page_id=480"},"modified":"2024-10-01T09:34:22","modified_gmt":"2024-10-01T09:34:22","slug":"terminos-y-condiciones","status":"publish","type":"page","link":"https:\/\/helthewater.com\/?page_id=480","title":{"rendered":"T\u00e9rminos y Condiciones"},"content":{"rendered":"\t\t<div data-elementor-type=\"wp-page\" data-elementor-id=\"480\" class=\"elementor elementor-480\" data-elementor-post-type=\"page\">\n\t\t\t\t<div class=\"elementor-element elementor-element-317dc788 e-flex e-con-boxed e-con e-parent\" data-id=\"317dc788\" data-element_type=\"container\" data-settings=\"{&quot;background_background&quot;:&quot;classic&quot;}\">\n\t\t\t\t\t<div class=\"e-con-inner\">\n\t\t<div class=\"elementor-element elementor-element-1791b66f e-con-full e-flex e-con e-child\" data-id=\"1791b66f\" data-element_type=\"container\" data-settings=\"{&quot;motion_fx_motion_fx_scrolling&quot;:&quot;yes&quot;,&quot;motion_fx_opacity_effect&quot;:&quot;yes&quot;,&quot;motion_fx_opacity_direction&quot;:&quot;in-out&quot;,&quot;motion_fx_opacity_range&quot;:{&quot;unit&quot;:&quot;%&quot;,&quot;size&quot;:&quot;&quot;,&quot;sizes&quot;:{&quot;start&quot;:&quot;85&quot;,&quot;end&quot;:&quot;100&quot;}},&quot;motion_fx_opacity_level&quot;:{&quot;unit&quot;:&quot;px&quot;,&quot;size&quot;:10,&quot;sizes&quot;:[]},&quot;motion_fx_devices&quot;:[&quot;desktop&quot;,&quot;tablet&quot;,&quot;mobile&quot;]}\">\n\t\t\t\t<div class=\"elementor-element elementor-element-4084516e elementor-invisible elementor-widget elementor-widget-heading\" data-id=\"4084516e\" data-element_type=\"widget\" data-settings=\"{&quot;_animation&quot;:&quot;fadeInUp&quot;,&quot;_animation_delay&quot;:&quot;400&quot;}\" data-widget_type=\"heading.default\">\n\t\t\t\t<div class=\"elementor-widget-container\">\n\t\t\t<h5 class=\"elementor-heading-title elementor-size-default\">Tratamientos de agua de \u00faltima generaci\u00f3n<\/h5>\t\t<\/div>\n\t\t\t\t<\/div>\n\t\t\t\t<\/div>\n\t\t\t\t\t<\/div>\n\t\t\t\t<\/div>\n\t\t<div class=\"elementor-element elementor-element-7c6a4187 e-flex e-con-boxed e-con e-parent\" data-id=\"7c6a4187\" data-element_type=\"container\" data-settings=\"{&quot;background_background&quot;:&quot;classic&quot;}\">\n\t\t\t\t\t<div class=\"e-con-inner\">\n\t\t<div class=\"elementor-element elementor-element-7d64b4df e-con-full e-flex e-con e-child\" data-id=\"7d64b4df\" data-element_type=\"container\">\n\t\t<div class=\"elementor-element elementor-element-46ccb4ff e-con-full e-flex e-con e-child\" data-id=\"46ccb4ff\" data-element_type=\"container\">\n\t\t<div class=\"elementor-element elementor-element-1ba8661b e-con-full e-flex elementor-invisible e-con e-child\" data-id=\"1ba8661b\" data-element_type=\"container\" data-settings=\"{&quot;animation&quot;:&quot;fadeIn&quot;,&quot;animation_delay&quot;:&quot;400&quot;}\">\n\t\t\t\t<div class=\"elementor-element elementor-element-b3c63e0 elementor-widget elementor-widget-text-editor\" data-id=\"b3c63e0\" data-element_type=\"widget\" data-widget_type=\"text-editor.default\">\n\t\t\t\t<div class=\"elementor-widget-container\">\n\t\t\t\t\t\t\t<p><strong>I. INFORMACI\u00d3N GENERAL<\/strong><br \/>En cumplimiento de la Ley 34\/2002 de Servicios de la Sociedad de la Informaci\u00f3n y Comercio Electr\u00f3nico (LSSI-CE) del 11 de julio, se facilitan los siguientes datos generales de este sitio web:<\/p><p>Titular del sitio web: <a href=\"https:\/\/heltheonline.com\" target=\"_new\" rel=\"noopener\">heltheonline.com<\/a><br \/>NIF: B65228397<br \/>Registrado en el Registro Mercantil de Barcelona, Tomo 41602, Folio 194, Hoja B-390510<br \/>Representante: C\u00e9sar David Alcal\u00e1 Mata<br \/>Direcci\u00f3n: Av. Montseny, 16, 08635 Sant Esteve Sesrovires, Barcelona<br \/>Tel\u00e9fono: 931 514 500<br \/>Email: <a rel=\"noopener\">info@heltheonline.com<\/a><\/p><p><strong>II. T\u00c9RMINOS Y CONDICIONES GENERALES DE USO<\/strong><br \/><strong>Objeto de las condiciones: El Sitio Web<\/strong><br \/>Estas Condiciones Generales de Uso regulan el acceso y utilizaci\u00f3n del sitio web, incluyendo las interfaces visuales y todos los elementos integrados (en adelante, Contenidos), as\u00ed como los servicios o recursos en l\u00ednea que se ofrezcan a los usuarios (en adelante, Servicios).<\/p><p><strong>Modificaciones y acceso<\/strong><br \/>Helthe Online se reserva el derecho de modificar, interrumpir o cancelar, en cualquier momento y sin previo aviso, el sitio web, sus contenidos o servicios. El acceso al sitio web es gratuito, exceptuando los costos de conexi\u00f3n que dependan del proveedor de telecomunicaciones del usuario.<\/p><p><strong>El Usuario<\/strong><br \/>El acceso, navegaci\u00f3n y uso del sitio otorgan la condici\u00f3n de Usuario, quien acepta autom\u00e1ticamente las condiciones generales, incluidas sus modificaciones. Se recomienda leerlas regularmente. El Usuario es responsable de utilizar correctamente el sitio y de la veracidad de la informaci\u00f3n que proporcione. El acceso al sitio no implica una relaci\u00f3n comercial con Helthe Online.<\/p><p><strong>Responsabilidad del Usuario<\/strong><br \/>El Usuario debe usar el sitio de manera legal y respetuosa, evitando el mal uso de la informaci\u00f3n o los servicios proporcionados. Asimismo, el Usuario garantiza que tiene la capacidad legal para aceptar estas condiciones.<\/p><p><strong>Usuarios internacionales<\/strong><br \/>El sitio web est\u00e1 dirigido principalmente a usuarios en Espa\u00f1a. Si un usuario accede desde otro pa\u00eds, ser\u00e1 responsable de cumplir con la legislaci\u00f3n local.<\/p><p><strong>III. ACCESO Y NAVEGACI\u00d3N: EXCLUSI\u00d3N DE GARANT\u00cdAS Y RESPONSABILIDAD<\/strong><br \/>Helthe Online no garantiza la continuidad, disponibilidad o utilidad del sitio web. Aunque se har\u00e1 lo posible por su correcto funcionamiento, no se garantiza que el acceso sea ininterrumpido o libre de errores. Helthe Online no ser\u00e1 responsable de los da\u00f1os que puedan derivarse del acceso o uso del sitio, incluyendo los ocasionados por virus o fallos en el sistema.<\/p><p><strong>IV. POL\u00cdTICA DE ENLACES<\/strong><br \/>El sitio web puede contener enlaces a p\u00e1ginas de terceros. La instalaci\u00f3n de estos enlaces tiene el \u00fanico prop\u00f3sito de facilitar la b\u00fasqueda de informaci\u00f3n en internet y no implica recomendaci\u00f3n o garant\u00eda de los productos o servicios ofrecidos en dichos sitios. Helthe Online no se hace responsable del contenido o la disponibilidad de estos sitios externos.<\/p><p><strong>V. PROPIEDAD INTELECTUAL E INDUSTRIAL<\/strong><br \/>Helthe Online es titular de todos los derechos de propiedad intelectual e industrial del sitio web, incluyendo im\u00e1genes, v\u00eddeos, software, textos, marcas y logotipos. Queda prohibida la reproducci\u00f3n, distribuci\u00f3n o comunicaci\u00f3n p\u00fablica de los contenidos del sitio sin autorizaci\u00f3n expresa.<\/p><p>El Usuario puede visualizar, copiar o almacenar elementos del sitio web solo para su uso personal, pero no puede alterar o eliminar los dispositivos de seguridad instalados en el sitio.<\/p><p>Si el Usuario considera que alg\u00fan contenido infringe derechos de propiedad intelectual, debe notificarlo a Helthe Online.<\/p><p><strong>VI. ACCIONES LEGALES, LEGISLACI\u00d3N APLICABLE Y JURISDICCI\u00d3N<\/strong><br \/>Helthe Online se reserva el derecho de emprender acciones legales por el uso indebido del sitio web. Las relaciones entre el Usuario y Helthe Online se regir\u00e1n por la legislaci\u00f3n espa\u00f1ola, y las partes se someter\u00e1n a los tribunales competentes en caso de conflicto.<\/p>\t\t\t\t\t\t<\/div>\n\t\t\t\t<\/div>\n\t\t\t\t<\/div>\n\t\t\t\t<\/div>\n\t\t\t\t<\/div>\n\t\t\t\t\t<\/div>\n\t\t\t\t<\/div>\n\t\t\t\t<\/div>\n\t\t","protected":false},"excerpt":{"rendered":"<p>I. INFORMACI\u00d3N GENERALEn cumplimiento de la Ley 34\/2002 de Servicios de la Sociedad de la Informaci\u00f3n y Comercio Electr\u00f3nico (LSSI-CE) del 11 de julio, se facilitan los siguientes datos generales de este sitio web: Titular del sitio web: heltheonline.comNIF: B65228397Registrado en el Registro Mercantil de Barcelona, Tomo 41602, Folio 194, Hoja B-390510Representante: C\u00e9sar David Alcal\u00e1 [&hellip;]<\/p>\n","protected":false},"author":2,"featured_media":0,"parent":0,"menu_order":0,"comment_status":"closed","ping_status":"closed","template":"","meta":{"footnotes":""},"class_list":["post-480","page","type-page","status-publish","hentry"],"_links":{"self":[{"href":"https:\/\/helthewater.com\/index.php?rest_route=\/wp\/v2\/pages\/480","targetHints":{"allow":["GET"]}}],"collection":[{"href":"https:\/\/helthewater.com\/index.php?rest_route=\/wp\/v2\/pages"}],"about":[{"href":"https:\/\/helthewater.com\/index.php?rest_route=\/wp\/v2\/types\/page"}],"author":[{"embeddable":true,"href":"https:\/\/helthewater.com\/index.php?rest_route=\/wp\/v2\/users\/2"}],"replies":[{"embeddable":true,"href":"https:\/\/helthewater.com\/index.php?rest_route=%2Fwp%2Fv2%2Fcomments&post=480"}],"version-history":[{"count":4,"href":"https:\/\/helthewater.com\/index.php?rest_route=\/wp\/v2\/pages\/480\/revisions"}],"predecessor-version":[{"id":488,"href":"https:\/\/helthewater.com\/index.php?rest_route=\/wp\/v2\/pages\/480\/revisions\/488"}],"wp:attachment":[{"href":"https:\/\/helthewater.com\/index.php?rest_route=%2Fwp%2Fv2%2Fmedia&parent=480"}],"curies":[{"name":"wp","href":"https:\/\/api.w.org\/{rel}","templated":true}]}}